{"id":6134,"date":"2025-07-27T18:06:09","date_gmt":"2025-07-27T16:06:09","guid":{"rendered":"https:\/\/pralniaebs.pl\/?post_type=product&#038;p=6134"},"modified":"2026-02-04T18:17:38","modified_gmt":"2026-02-04T17:17:38","slug":"czyszczenie-i-impregnacja-butow","status":"publish","type":"product","link":"https:\/\/pralniaebs.pl\/en\/shop\/czyszczenie-i-impregnacja-butow\/","title":{"rendered":"Czyszczenie i impregnacja but\u00f3w"},"content":{"rendered":"<h3>Jak przebiega czyszczenie obuwia w Pralniach EBS?<\/h3>\n<p>Nasza technologia pozwala na skuteczne usuni\u0119cie zabrudze\u0144, przywracaj\u0105c butom dawny blask i wyd\u0142u\u017caj\u0105c ich \u017cywotno\u015b\u0107. Ka\u017cd\u0105 par\u0119 traktujemy indywidualnie, a ca\u0142y proces jest przeprowadzany r\u0119cznie przez naszych wykwalifikowanych specjalist\u00f3w. Dzi\u0119ki temu mo\u017cemy zagwarantowa\u0107 najwy\u017csz\u0105 jako\u015b\u0107 us\u0142ugi i pe\u0142ne bezpiecze\u0144stwo dla Twojego obuwia.<\/p>\n<h3>Etapy czyszczenia:<\/h3>\n<ol>\n<li>Ocena stanu obuwia \u2013 dobieramy odpowiednie \u015brodki i metod\u0119 czyszczenia.<\/li>\n<li>R\u0119czne usuwanie zabrudze\u0144 \u2013 delikatne, ale skuteczne czyszczenie dostosowane do rodzaju materia\u0142u.<\/li>\n<li>Bezpieczne suszenie \u2013 proces, kt\u00f3ry nie uszkadza struktury i kszta\u0142tu but\u00f3w.<\/li>\n<li>Impregnacja \u2013 zabezpieczenie przed wilgoci\u0105 i zabrudzeniami.<\/li>\n<li>Opcjonalnie: ozonowanie \u2013 eliminacja zapach\u00f3w, grzyb\u00f3w i bakterii dla dodatkowej higieny.<\/li>\n<\/ol>\n<h3>Korzy\u015bci z profesjonalnego czyszczenia but\u00f3w<\/h3>\n<ul>\n<li>Przed\u0142u\u017cenie trwa\u0142o\u015bci obuwia \u2013 usuwamy zabrudzenia, kt\u00f3re mog\u0105 przyspiesza\u0107 zu\u017cycie materia\u0142u.<\/li>\n<li>Od\u015bwie\u017cony wygl\u0105d \u2013 buty odzyskuj\u0105 swoj\u0105 pierwotn\u0105 estetyk\u0119.<\/li>\n<li>Bezpiecze\u0144stwo materia\u0142\u00f3w \u2013 r\u0119czne czyszczenie minimalizuje ryzyko uszkodze\u0144.<\/li>\n<li>Ochrona przed wilgoci\u0105 i zabrudzeniami \u2013 dzi\u0119ki impregnacji buty s\u0105 lepiej zabezpieczone na przysz\u0142o\u015b\u0107.<\/li>\n<li>Opcja dezynfekcji i eliminacji nieprzyjemnych zapach\u00f3w \u2013 ozonowanie usuwa bakterie, grzyby i roztocza.<\/li>\n<\/ul>\n<h3>Zadbaj o swoje ulubione buty i oddaj je w r\u0119ce ekspert\u00f3w!<\/h3>\n","protected":false},"excerpt":{"rendered":"<p>Wybierz poni\u017cej rodzaj but\u00f3w, kt\u00f3re chcesz wyczy\u015bci\u0107. Po wybraniu rodzaju but\u00f3w, mo\u017cesz przeczyta\u0107 ich opis. Je\u015bli chcesz, uzupe\u0142nij us\u0142ug\u0119 o ozonowanie, zaznaczaj\u0105c odpowiednie pole. A je\u015bli nie rozpoznajesz rodzaju swoich but\u00f3w, mo\u017cesz nam wys\u0142a\u0107 e-mail ze zdj\u0119ciem, pomo\u017cemy! Odpowiadamy w ci\u0105gu jednego dnia roboczego.<\/p>\n<p>Po op\u0142aceniu zam\u00f3wienia otrzymasz kod nadania do Paczkomatu InPost, kt\u00f3ra umo\u017cliwi nadanie but\u00f3w do nas w jednym z automat\u00f3w. Pami\u0119taj, aby odpowiednio zabezpieczy\u0107 i zapakowa\u0107 buty do wysy\u0142ki kurierem.<\/p>\n","protected":false},"featured_media":4693,"template":"","meta":{"_acf_changed":false,"iawp_total_views":6163},"product_brand":[],"product_cat":[54],"product_tag":[],"class_list":{"0":"post-6134","1":"product","2":"type-product","3":"status-publish","4":"has-post-thumbnail","6":"product_cat-bez-kategorii","8":"first","9":"instock","10":"taxable","11":"shipping-taxable","12":"purchasable","13":"product-type-variable"},"acf":[],"_links":{"self":[{"href":"https:\/\/pralniaebs.pl\/en\/wp-json\/wp\/v2\/product\/6134","targetHints":{"allow":["GET"]}}],"collection":[{"href":"https:\/\/pralniaebs.pl\/en\/wp-json\/wp\/v2\/product"}],"about":[{"href":"https:\/\/pralniaebs.pl\/en\/wp-json\/wp\/v2\/types\/product"}],"wp:featuredmedia":[{"embeddable":true,"href":"https:\/\/pralniaebs.pl\/en\/wp-json\/wp\/v2\/media\/4693"}],"wp:attachment":[{"href":"https:\/\/pralniaebs.pl\/en\/wp-json\/wp\/v2\/media?parent=6134"}],"wp:term":[{"taxonomy":"product_brand","embeddable":true,"href":"https:\/\/pralniaebs.pl\/en\/wp-json\/wp\/v2\/product_brand?post=6134"},{"taxonomy":"product_cat","embeddable":true,"href":"https:\/\/pralniaebs.pl\/en\/wp-json\/wp\/v2\/product_cat?post=6134"},{"taxonomy":"product_tag","embeddable":true,"href":"https:\/\/pralniaebs.pl\/en\/wp-json\/wp\/v2\/product_tag?post=6134"}],"curies":[{"name":"wp","href":"https:\/\/api.w.org\/{rel}","templated":true}]}}